{"id":19392,"date":"2016-12-08T19:59:47","date_gmt":"2016-12-08T17:59:47","guid":{"rendered":"http:\/\/www.estoniandesignhouse.ee\/e-pood\/uncategorized\/kuunlatops-kookon-by-mari-ait\/?lang=en"},"modified":"2024-05-09T23:44:26","modified_gmt":"2024-05-09T20:44:26","slug":"kuunlatops-kookon-by-mari-ait","status":"publish","type":"product","link":"https:\/\/www.estoniandesignhouse.ee\/en\/e-pood\/gifts\/gift-ideas\/kuunlatops-kookon-by-mari-ait\/","title":{"rendered":"K\u00fc\u00fcnlatops KOOKON by Hele Keraamika"},"content":{"rendered":"<div><\/div>\n<div>Valgus kord t\u00e4idab, kord \u00fcmbritseb l\u00e4bikumavaid vorme ja vahel paneb vormide vahele h\u00fcplema p\u00e4ikesej\u00e4nkud.<\/div>\n<div><\/div>\n<div>\n<div>M\u00f5\u00f5t: k\u00f5rgus 11 cm<br \/>\nMaterjal portselan, \u00fclemine serv kullaga<br \/>\nV\u00e4rvus: valge, detail kullaga<\/div>\n<\/div>\n","protected":false},"excerpt":{"rendered":"<p>Valgus kord t\u00e4idab, kord \u00fcmbritseb l\u00e4bikumavaid vorme ja vahel paneb vormide vahele h\u00fcplema p\u00e4ikesej\u00e4nkud. M\u00f5\u00f5t: k\u00f5rgus 11 cm Materjal portselan, \u00fclemine serv kullaga V\u00e4rvus: valge, detail kullaga<\/p>\n","protected":false},"featured_media":37151,"template":"","meta":{"_acf_changed":false,"inline_featured_image":false},"product_brand":[],"product_cat":[4514,2001,350,447],"product_tag":[],"giftcard-category":[],"class_list":{"0":"post-19392","1":"product","2":"type-product","3":"status-publish","4":"has-post-thumbnail","6":"product_cat-home","7":"product_cat-interior","8":"product_cat-ceramics","9":"product_cat-gift-ideas","11":"first","12":"instock","13":"taxable","14":"shipping-taxable","15":"purchasable","16":"product-type-simple"},"acf":[],"yoast_head":"<!-- This site is optimized with the Yoast SEO plugin v25.5 - https:\/\/yoast.com\/wordpress\/plugins\/seo\/ -->\n<title>K\u00fc\u00fcnlatops KOOKON by Hele Keraamika - Eesti Disaini Maja \/ Estonian Design House<\/title>\n<meta name=\"robots\" content=\"index, follow, max-snippet:-1, max-image-preview:large, max-video-preview:-1\" \/>\n<link rel=\"canonical\" href=\"https:\/\/www.estoniandesignhouse.ee\/en\/e-pood\/gifts\/gift-ideas\/kuunlatops-kookon-by-mari-ait\/\" \/>\n<meta property=\"og:locale\" content=\"en_US\" \/>\n<meta property=\"og:type\" content=\"article\" \/>\n<meta property=\"og:title\" content=\"K\u00fc\u00fcnlatops KOOKON by Hele Keraamika - Eesti Disaini Maja \/ Estonian Design House\" \/>\n<meta property=\"og:description\" content=\"Valgus kord t\u00e4idab, kord \u00fcmbritseb l\u00e4bikumavaid vorme ja vahel paneb vormide vahele h\u00fcplema p\u00e4ikesej\u00e4nkud. M\u00f5\u00f5t: k\u00f5rgus 11 cm Materjal portselan, \u00fclemine serv kullaga V\u00e4rvus: valge, detail kullaga\" \/>\n<meta property=\"og:url\" content=\"https:\/\/www.estoniandesignhouse.ee\/en\/e-pood\/gifts\/gift-ideas\/kuunlatops-kookon-by-mari-ait\/\" \/>\n<meta property=\"og:site_name\" content=\"Eesti Disaini Maja \/ Estonian Design House\" \/>\n<meta property=\"article:publisher\" content=\"https:\/\/www.facebook.com\/Estonian.Design.House\/\" \/>\n<meta property=\"article:modified_time\" content=\"2024-05-09T20:44:26+00:00\" \/>\n<meta property=\"og:image\" content=\"https:\/\/www.estoniandesignhouse.ee\/wp-content\/uploads\/2016\/12\/k\u00fc\u00fcnlatops1_web.jpg\" \/>\n\t<meta property=\"og:image:width\" content=\"700\" \/>\n\t<meta property=\"og:image:height\" content=\"467\" \/>\n\t<meta property=\"og:image:type\" content=\"image\/jpeg\" \/>\n<meta name=\"twitter:card\" content=\"summary_large_image\" \/>\n<meta name=\"twitter:site\" content=\"@est_designhouse\" \/>\n<script type=\"application\/ld+json\" class=\"yoast-schema-graph\">{\"@context\":\"https:\/\/schema.org\",\"@graph\":[{\"@type\":\"WebPage\",\"@id\":\"https:\/\/www.estoniandesignhouse.ee\/en\/e-pood\/gifts\/gift-ideas\/kuunlatops-kookon-by-mari-ait\/\",\"url\":\"https:\/\/www.estoniandesignhouse.ee\/en\/e-pood\/gifts\/gift-ideas\/kuunlatops-kookon-by-mari-ait\/\",\"name\":\"K\u00fc\u00fcnlatops KOOKON by Hele Keraamika - Eesti Disaini Maja \/ Estonian Design House\",\"isPartOf\":{\"@id\":\"https:\/\/www.estoniandesignhouse.ee\/#website\"},\"primaryImageOfPage\":{\"@id\":\"https:\/\/www.estoniandesignhouse.ee\/en\/e-pood\/gifts\/gift-ideas\/kuunlatops-kookon-by-mari-ait\/#primaryimage\"},\"image\":{\"@id\":\"https:\/\/www.estoniandesignhouse.ee\/en\/e-pood\/gifts\/gift-ideas\/kuunlatops-kookon-by-mari-ait\/#primaryimage\"},\"thumbnailUrl\":\"https:\/\/www.estoniandesignhouse.ee\/wp-content\/uploads\/2016\/12\/k\u00fc\u00fcnlatops1_web.jpg\",\"datePublished\":\"2016-12-08T17:59:47+00:00\",\"dateModified\":\"2024-05-09T20:44:26+00:00\",\"breadcrumb\":{\"@id\":\"https:\/\/www.estoniandesignhouse.ee\/en\/e-pood\/gifts\/gift-ideas\/kuunlatops-kookon-by-mari-ait\/#breadcrumb\"},\"inLanguage\":\"en-US\",\"potentialAction\":[{\"@type\":\"ReadAction\",\"target\":[\"https:\/\/www.estoniandesignhouse.ee\/en\/e-pood\/gifts\/gift-ideas\/kuunlatops-kookon-by-mari-ait\/\"]}]},{\"@type\":\"ImageObject\",\"inLanguage\":\"en-US\",\"@id\":\"https:\/\/www.estoniandesignhouse.ee\/en\/e-pood\/gifts\/gift-ideas\/kuunlatops-kookon-by-mari-ait\/#primaryimage\",\"url\":\"https:\/\/www.estoniandesignhouse.ee\/wp-content\/uploads\/2016\/12\/k\u00fc\u00fcnlatops1_web.jpg\",\"contentUrl\":\"https:\/\/www.estoniandesignhouse.ee\/wp-content\/uploads\/2016\/12\/k\u00fc\u00fcnlatops1_web.jpg\",\"width\":700,\"height\":467},{\"@type\":\"BreadcrumbList\",\"@id\":\"https:\/\/www.estoniandesignhouse.ee\/en\/e-pood\/gifts\/gift-ideas\/kuunlatops-kookon-by-mari-ait\/#breadcrumb\",\"itemListElement\":[{\"@type\":\"ListItem\",\"position\":1,\"name\":\"Home\",\"item\":\"https:\/\/www.estoniandesignhouse.ee\/en\/\"},{\"@type\":\"ListItem\",\"position\":2,\"name\":\"Tooted\",\"item\":\"https:\/\/www.estoniandesignhouse.ee\/shop\/\"},{\"@type\":\"ListItem\",\"position\":3,\"name\":\"K\u00fc\u00fcnlatops KOOKON by Hele Keraamika\"}]},{\"@type\":\"WebSite\",\"@id\":\"https:\/\/www.estoniandesignhouse.ee\/#website\",\"url\":\"https:\/\/www.estoniandesignhouse.ee\/\",\"name\":\"Eesti Disaini Maja \/ Estonian Design House\",\"description\":\"\",\"publisher\":{\"@id\":\"https:\/\/www.estoniandesignhouse.ee\/#organization\"},\"potentialAction\":[{\"@type\":\"SearchAction\",\"target\":{\"@type\":\"EntryPoint\",\"urlTemplate\":\"https:\/\/www.estoniandesignhouse.ee\/?s={search_term_string}\"},\"query-input\":{\"@type\":\"PropertyValueSpecification\",\"valueRequired\":true,\"valueName\":\"search_term_string\"}}],\"inLanguage\":\"en-US\"},{\"@type\":\"Organization\",\"@id\":\"https:\/\/www.estoniandesignhouse.ee\/#organization\",\"name\":\"Eesti Disaini Maja \/ Estonian Design House\",\"url\":\"https:\/\/www.estoniandesignhouse.ee\/\",\"logo\":{\"@type\":\"ImageObject\",\"inLanguage\":\"en-US\",\"@id\":\"https:\/\/www.estoniandesignhouse.ee\/#\/schema\/logo\/image\/\",\"url\":\"https:\/\/www.estoniandesignhouse.ee\/wp-content\/uploads\/2020\/03\/EDM-logo.bmp\",\"contentUrl\":\"https:\/\/www.estoniandesignhouse.ee\/wp-content\/uploads\/2020\/03\/EDM-logo.bmp\",\"width\":720,\"height\":720,\"caption\":\"Eesti Disaini Maja \/ Estonian Design House\"},\"image\":{\"@id\":\"https:\/\/www.estoniandesignhouse.ee\/#\/schema\/logo\/image\/\"},\"sameAs\":[\"https:\/\/www.facebook.com\/Estonian.Design.House\/\",\"https:\/\/x.com\/est_designhouse\",\"https:\/\/www.instagram.com\/estoniandesignhouse\/\",\"https:\/\/www.pinterest.com\/estoniandesign\/\"]}]}<\/script>\n<!-- \/ Yoast SEO plugin. -->","yoast_head_json":{"title":"K\u00fc\u00fcnlatops KOOKON by Hele Keraamika - Eesti Disaini Maja \/ Estonian Design House","robots":{"index":"index","follow":"follow","max-snippet":"max-snippet:-1","max-image-preview":"max-image-preview:large","max-video-preview":"max-video-preview:-1"},"canonical":"https:\/\/www.estoniandesignhouse.ee\/en\/e-pood\/gifts\/gift-ideas\/kuunlatops-kookon-by-mari-ait\/","og_locale":"en_US","og_type":"article","og_title":"K\u00fc\u00fcnlatops KOOKON by Hele Keraamika - Eesti Disaini Maja \/ Estonian Design House","og_description":"Valgus kord t\u00e4idab, kord \u00fcmbritseb l\u00e4bikumavaid vorme ja vahel paneb vormide vahele h\u00fcplema p\u00e4ikesej\u00e4nkud. M\u00f5\u00f5t: k\u00f5rgus 11 cm Materjal portselan, \u00fclemine serv kullaga V\u00e4rvus: valge, detail kullaga","og_url":"https:\/\/www.estoniandesignhouse.ee\/en\/e-pood\/gifts\/gift-ideas\/kuunlatops-kookon-by-mari-ait\/","og_site_name":"Eesti Disaini Maja \/ Estonian Design House","article_publisher":"https:\/\/www.facebook.com\/Estonian.Design.House\/","article_modified_time":"2024-05-09T20:44:26+00:00","og_image":[{"width":700,"height":467,"url":"https:\/\/www.estoniandesignhouse.ee\/wp-content\/uploads\/2016\/12\/k\u00fc\u00fcnlatops1_web.jpg","type":"image\/jpeg"}],"twitter_card":"summary_large_image","twitter_site":"@est_designhouse","schema":{"@context":"https:\/\/schema.org","@graph":[{"@type":"WebPage","@id":"https:\/\/www.estoniandesignhouse.ee\/en\/e-pood\/gifts\/gift-ideas\/kuunlatops-kookon-by-mari-ait\/","url":"https:\/\/www.estoniandesignhouse.ee\/en\/e-pood\/gifts\/gift-ideas\/kuunlatops-kookon-by-mari-ait\/","name":"K\u00fc\u00fcnlatops KOOKON by Hele Keraamika - Eesti Disaini Maja \/ Estonian Design House","isPartOf":{"@id":"https:\/\/www.estoniandesignhouse.ee\/#website"},"primaryImageOfPage":{"@id":"https:\/\/www.estoniandesignhouse.ee\/en\/e-pood\/gifts\/gift-ideas\/kuunlatops-kookon-by-mari-ait\/#primaryimage"},"image":{"@id":"https:\/\/www.estoniandesignhouse.ee\/en\/e-pood\/gifts\/gift-ideas\/kuunlatops-kookon-by-mari-ait\/#primaryimage"},"thumbnailUrl":"https:\/\/www.estoniandesignhouse.ee\/wp-content\/uploads\/2016\/12\/k\u00fc\u00fcnlatops1_web.jpg","datePublished":"2016-12-08T17:59:47+00:00","dateModified":"2024-05-09T20:44:26+00:00","breadcrumb":{"@id":"https:\/\/www.estoniandesignhouse.ee\/en\/e-pood\/gifts\/gift-ideas\/kuunlatops-kookon-by-mari-ait\/#breadcrumb"},"inLanguage":"en-US","potentialAction":[{"@type":"ReadAction","target":["https:\/\/www.estoniandesignhouse.ee\/en\/e-pood\/gifts\/gift-ideas\/kuunlatops-kookon-by-mari-ait\/"]}]},{"@type":"ImageObject","inLanguage":"en-US","@id":"https:\/\/www.estoniandesignhouse.ee\/en\/e-pood\/gifts\/gift-ideas\/kuunlatops-kookon-by-mari-ait\/#primaryimage","url":"https:\/\/www.estoniandesignhouse.ee\/wp-content\/uploads\/2016\/12\/k\u00fc\u00fcnlatops1_web.jpg","contentUrl":"https:\/\/www.estoniandesignhouse.ee\/wp-content\/uploads\/2016\/12\/k\u00fc\u00fcnlatops1_web.jpg","width":700,"height":467},{"@type":"BreadcrumbList","@id":"https:\/\/www.estoniandesignhouse.ee\/en\/e-pood\/gifts\/gift-ideas\/kuunlatops-kookon-by-mari-ait\/#breadcrumb","itemListElement":[{"@type":"ListItem","position":1,"name":"Home","item":"https:\/\/www.estoniandesignhouse.ee\/en\/"},{"@type":"ListItem","position":2,"name":"Tooted","item":"https:\/\/www.estoniandesignhouse.ee\/shop\/"},{"@type":"ListItem","position":3,"name":"K\u00fc\u00fcnlatops KOOKON by Hele Keraamika"}]},{"@type":"WebSite","@id":"https:\/\/www.estoniandesignhouse.ee\/#website","url":"https:\/\/www.estoniandesignhouse.ee\/","name":"Eesti Disaini Maja \/ Estonian Design House","description":"","publisher":{"@id":"https:\/\/www.estoniandesignhouse.ee\/#organization"},"potentialAction":[{"@type":"SearchAction","target":{"@type":"EntryPoint","urlTemplate":"https:\/\/www.estoniandesignhouse.ee\/?s={search_term_string}"},"query-input":{"@type":"PropertyValueSpecification","valueRequired":true,"valueName":"search_term_string"}}],"inLanguage":"en-US"},{"@type":"Organization","@id":"https:\/\/www.estoniandesignhouse.ee\/#organization","name":"Eesti Disaini Maja \/ Estonian Design House","url":"https:\/\/www.estoniandesignhouse.ee\/","logo":{"@type":"ImageObject","inLanguage":"en-US","@id":"https:\/\/www.estoniandesignhouse.ee\/#\/schema\/logo\/image\/","url":"https:\/\/www.estoniandesignhouse.ee\/wp-content\/uploads\/2020\/03\/EDM-logo.bmp","contentUrl":"https:\/\/www.estoniandesignhouse.ee\/wp-content\/uploads\/2020\/03\/EDM-logo.bmp","width":720,"height":720,"caption":"Eesti Disaini Maja \/ Estonian Design House"},"image":{"@id":"https:\/\/www.estoniandesignhouse.ee\/#\/schema\/logo\/image\/"},"sameAs":["https:\/\/www.facebook.com\/Estonian.Design.House\/","https:\/\/x.com\/est_designhouse","https:\/\/www.instagram.com\/estoniandesignhouse\/","https:\/\/www.pinterest.com\/estoniandesign\/"]}]}},"_links":{"self":[{"href":"https:\/\/www.estoniandesignhouse.ee\/en\/wp-json\/wp\/v2\/product\/19392","targetHints":{"allow":["GET"]}}],"collection":[{"href":"https:\/\/www.estoniandesignhouse.ee\/en\/wp-json\/wp\/v2\/product"}],"about":[{"href":"https:\/\/www.estoniandesignhouse.ee\/en\/wp-json\/wp\/v2\/types\/product"}],"wp:featuredmedia":[{"embeddable":true,"href":"https:\/\/www.estoniandesignhouse.ee\/en\/wp-json\/wp\/v2\/media\/37151"}],"wp:attachment":[{"href":"https:\/\/www.estoniandesignhouse.ee\/en\/wp-json\/wp\/v2\/media?parent=19392"}],"wp:term":[{"taxonomy":"product_brand","embeddable":true,"href":"https:\/\/www.estoniandesignhouse.ee\/en\/wp-json\/wp\/v2\/product_brand?post=19392"},{"taxonomy":"product_cat","embeddable":true,"href":"https:\/\/www.estoniandesignhouse.ee\/en\/wp-json\/wp\/v2\/product_cat?post=19392"},{"taxonomy":"product_tag","embeddable":true,"href":"https:\/\/www.estoniandesignhouse.ee\/en\/wp-json\/wp\/v2\/product_tag?post=19392"},{"taxonomy":"giftcard-category","embeddable":true,"href":"https:\/\/www.estoniandesignhouse.ee\/en\/wp-json\/wp\/v2\/giftcard-category?post=19392"}],"curies":[{"name":"wp","href":"https:\/\/api.w.org\/{rel}","templated":true}]}}